{"id":57,"date":"2022-01-24T09:34:11","date_gmt":"2022-01-24T09:34:11","guid":{"rendered":"http:\/\/pannoniaresearch.hu\/new\/?page_id=57"},"modified":"2024-01-25T12:07:08","modified_gmt":"2024-01-25T11:07:08","slug":"kezdooldal","status":"publish","type":"page","link":"https:\/\/pannoniaresearch.hu\/en\/","title":{"rendered":"Main page"},"content":{"rendered":"<div class=\"wpb-content-wrapper\"><p>[vc_row][vc_column]\n\t\t\t<!-- START Slider EN REVOLUTION SLIDER 6.6.18 --><p class=\"rs-p-wp-fix\"><\/p>\n\t\t\t<rs-module-wrap id=\"rev_slider_2_2_wrapper\" data-source=\"gallery\" style=\"visibility:hidden;background:transparent;padding:0;margin:0px auto;margin-top:0;margin-bottom:0;\">\n\t\t\t\t<rs-module id=\"rev_slider_2_2\" style=\"\" data-version=\"6.6.18\">\n\t\t\t\t\t<rs-slides style=\"overflow: hidden; position: absolute;\">\n\t\t\t\t\t\t<rs-slide style=\"position: absolute;\" data-key=\"rs-6\" data-title=\"Slide\" data-thumb=\"\/\/pannoniaresearch.hu\/wp-content\/uploads\/2022\/01\/slide2-1-50x100.jpg\" data-anim=\"adpr:false;ms:10;\" data-in=\"o:1;\" data-out=\"a:false;\">\n\t\t\t\t\t\t\t<img decoding=\"async\" src=\"\/\/pannoniaresearch.hu\/wp-content\/plugins\/revslider\/public\/assets\/assets\/dummy.png\" alt=\"\" title=\"slide2\" width=\"1920\" height=\"891\" class=\"rev-slidebg tp-rs-img rs-lazyload\" data-lazyload=\"\/\/pannoniaresearch.hu\/wp-content\/uploads\/2022\/01\/slide2-1.jpg\" data-parallax=\"4\" data-panzoom=\"d:10000;ss:100;se:110%;\" data-no-retina>\n<!--\n\t\t\t\t\t\t\t--><rs-layer\n\t\t\t\t\t\t\t\tid=\"slider-2-slide-6-layer-0\" \n\t\t\t\t\t\t\t\tclass=\"slidep\"\n\t\t\t\t\t\t\t\tdata-type=\"text\"\n\t\t\t\t\t\t\t\tdata-color=\"#ffffff\"\n\t\t\t\t\t\t\t\tdata-rsp_ch=\"on\"\n\t\t\t\t\t\t\t\tdata-xy=\"x:143px;y:c;\"\n\t\t\t\t\t\t\t\tdata-text=\"w:normal;s:50;l:60;fw:700;\"\n\t\t\t\t\t\t\t\tdata-dim=\"w:1068px;\"\n\t\t\t\t\t\t\t\tdata-frame_0=\"x:1127px;y:-22px;\"\n\t\t\t\t\t\t\t\tdata-frame_1=\"sp:2300;\"\n\t\t\t\t\t\t\t\tdata-frame_999=\"o:0;st:w;\"\n\t\t\t\t\t\t\t\tstyle=\"z-index:8;font-family:'Roboto';\"\n\t\t\t\t\t\t\t>Our company performs the pick-up and transport of biological samples of clinical trials in human subjects \n\t\t\t\t\t\t\t<\/rs-layer><!--\n\n\t\t\t\t\t\t\t--><rs-layer\n\t\t\t\t\t\t\t\tid=\"slider-2-slide-6-layer-1\" \n\t\t\t\t\t\t\t\tdata-type=\"image\"\n\t\t\t\t\t\t\t\tdata-rsp_ch=\"on\"\n\t\t\t\t\t\t\t\tdata-xy=\"x:15px;y:c;\"\n\t\t\t\t\t\t\t\tdata-text=\"w:normal;\"\n\t\t\t\t\t\t\t\tdata-dim=\"w:93px;h:90px;\"\n\t\t\t\t\t\t\t\tdata-frame_0=\"x:-200px;\"\n\t\t\t\t\t\t\t\tdata-frame_1=\"sp:2300;\"\n\t\t\t\t\t\t\t\tdata-frame_999=\"o:0;st:w;\"\n\t\t\t\t\t\t\t\tstyle=\"z-index:10;\"\n\t\t\t\t\t\t\t><img decoding=\"async\" src=\"\/\/pannoniaresearch.hu\/wp-content\/plugins\/revslider\/public\/assets\/assets\/dummy.png\" alt=\"\" class=\"tp-rs-img rs-lazyload\" width=\"93\" height=\"90\" data-lazyload=\"\/\/pannoniaresearch.hu\/wp-content\/uploads\/2022\/01\/favicon-1.png\" data-no-retina> \n\t\t\t\t\t\t\t<\/rs-layer><!--\n-->\t\t\t\t\t\t<\/rs-slide>\n\t\t\t\t\t\t<rs-slide style=\"position: absolute;\" data-key=\"rs-4\" data-title=\"Slide\" data-thumb=\"\/\/pannoniaresearch.hu\/wp-content\/uploads\/2022\/01\/Banner_2-50x100.jpg\" data-anim=\"adpr:false;ms:10;\" data-in=\"o:1;\" data-out=\"a:false;\">\n\t\t\t\t\t\t\t<img decoding=\"async\" src=\"\/\/pannoniaresearch.hu\/wp-content\/plugins\/revslider\/public\/assets\/assets\/dummy.png\" alt=\"\" title=\"Banner_2\" width=\"1382\" height=\"920\" class=\"rev-slidebg tp-rs-img rs-lazyload\" data-lazyload=\"\/\/pannoniaresearch.hu\/wp-content\/uploads\/2022\/01\/Banner_2.jpg\" data-parallax=\"4\" data-panzoom=\"d:10000;ss:100;se:110%;\" data-no-retina>\n<!--\n\t\t\t\t\t\t\t--><rs-layer\n\t\t\t\t\t\t\t\tid=\"slider-2-slide-4-layer-1\" \n\t\t\t\t\t\t\t\tdata-type=\"image\"\n\t\t\t\t\t\t\t\tdata-rsp_ch=\"on\"\n\t\t\t\t\t\t\t\tdata-xy=\"x:14px;y:c;\"\n\t\t\t\t\t\t\t\tdata-text=\"w:normal;\"\n\t\t\t\t\t\t\t\tdata-dim=\"w:93px;h:90px;\"\n\t\t\t\t\t\t\t\tdata-frame_0=\"x:855px;y:-304px;\"\n\t\t\t\t\t\t\t\tdata-frame_1=\"y:-16px;sp:2300;\"\n\t\t\t\t\t\t\t\tdata-frame_999=\"o:0;st:w;\"\n\t\t\t\t\t\t\t\tstyle=\"z-index:6;\"\n\t\t\t\t\t\t\t><img decoding=\"async\" src=\"\/\/pannoniaresearch.hu\/wp-content\/plugins\/revslider\/public\/assets\/assets\/dummy.png\" alt=\"\" class=\"tp-rs-img rs-lazyload\" width=\"93\" height=\"90\" data-lazyload=\"\/\/pannoniaresearch.hu\/wp-content\/uploads\/2022\/01\/favicon-1.png\" data-no-retina> \n\t\t\t\t\t\t\t<\/rs-layer><!--\n\n\t\t\t\t\t\t\t--><rs-layer\n\t\t\t\t\t\t\t\tid=\"slider-2-slide-4-layer-2\" \n\t\t\t\t\t\t\t\tclass=\"slidep\"\n\t\t\t\t\t\t\t\tdata-type=\"text\"\n\t\t\t\t\t\t\t\tdata-color=\"#000000\"\n\t\t\t\t\t\t\t\tdata-rsp_ch=\"on\"\n\t\t\t\t\t\t\t\tdata-xy=\"x:133px;y:c;\"\n\t\t\t\t\t\t\t\tdata-text=\"w:normal;s:50;l:60;fw:700;\"\n\t\t\t\t\t\t\t\tdata-dim=\"w:846px;\"\n\t\t\t\t\t\t\t\tdata-frame_0=\"x:1127px;y:-22px;\"\n\t\t\t\t\t\t\t\tdata-frame_1=\"sp:2300;\"\n\t\t\t\t\t\t\t\tdata-frame_999=\"o:0;st:w;\"\n\t\t\t\t\t\t\t\tstyle=\"z-index:8;font-family:'Roboto';\"\n\t\t\t\t\t\t\t>our mission is supporting Patient participation in clinical trials, which might be essential for all of us \n\t\t\t\t\t\t\t<\/rs-layer><!--\n-->\t\t\t\t\t\t<\/rs-slide>\n\t\t\t\t\t\t<rs-slide style=\"position: absolute;\" data-key=\"rs-5\" data-title=\"Slide\" data-thumb=\"\/\/pannoniaresearch.hu\/wp-content\/uploads\/2022\/01\/Banner_3-1-50x100.jpg\" data-anim=\"adpr:false;ms:10;\" data-in=\"o:1;\" data-out=\"a:false;\">\n\t\t\t\t\t\t\t<img decoding=\"async\" src=\"\/\/pannoniaresearch.hu\/wp-content\/plugins\/revslider\/public\/assets\/assets\/dummy.png\" alt=\"\" title=\"Banner_3\" width=\"1920\" height=\"1280\" class=\"rev-slidebg tp-rs-img rs-lazyload\" data-lazyload=\"\/\/pannoniaresearch.hu\/wp-content\/uploads\/2022\/01\/Banner_3-1.jpg\" data-parallax=\"4\" data-panzoom=\"d:10000;ss:100;se:110%;\" data-no-retina>\n<!--\n\t\t\t\t\t\t\t--><rs-layer\n\t\t\t\t\t\t\t\tid=\"slider-2-slide-5-layer-0\" \n\t\t\t\t\t\t\t\tclass=\"slidep\"\n\t\t\t\t\t\t\t\tdata-type=\"text\"\n\t\t\t\t\t\t\t\tdata-color=\"#102447\"\n\t\t\t\t\t\t\t\tdata-rsp_ch=\"on\"\n\t\t\t\t\t\t\t\tdata-xy=\"x:143px;y:c;\"\n\t\t\t\t\t\t\t\tdata-text=\"w:normal;s:50;l:60;fw:700;\"\n\t\t\t\t\t\t\t\tdata-dim=\"w:885px;\"\n\t\t\t\t\t\t\t\tdata-frame_0=\"x:947px;\"\n\t\t\t\t\t\t\t\tdata-frame_1=\"sp:2300;\"\n\t\t\t\t\t\t\t\tdata-frame_999=\"o:0;st:w;\"\n\t\t\t\t\t\t\t\tstyle=\"z-index:5;font-family:'Roboto';\"\n\t\t\t\t\t\t\t>Performance of clinical trials in hospitals needs high grade proficiency and organizational skill \n\t\t\t\t\t\t\t<\/rs-layer><!--\n\n\t\t\t\t\t\t\t--><rs-layer\n\t\t\t\t\t\t\t\tid=\"slider-2-slide-5-layer-1\" \n\t\t\t\t\t\t\t\tdata-type=\"image\"\n\t\t\t\t\t\t\t\tdata-rsp_ch=\"on\"\n\t\t\t\t\t\t\t\tdata-xy=\"x:15px;y:294px;\"\n\t\t\t\t\t\t\t\tdata-text=\"w:normal;\"\n\t\t\t\t\t\t\t\tdata-dim=\"w:93px;h:90px;\"\n\t\t\t\t\t\t\t\tdata-frame_0=\"y:496px;\"\n\t\t\t\t\t\t\t\tdata-frame_1=\"sp:2300;\"\n\t\t\t\t\t\t\t\tdata-frame_999=\"o:0;st:w;\"\n\t\t\t\t\t\t\t\tstyle=\"z-index:6;\"\n\t\t\t\t\t\t\t><img decoding=\"async\" src=\"\/\/pannoniaresearch.hu\/wp-content\/plugins\/revslider\/public\/assets\/assets\/dummy.png\" alt=\"\" class=\"tp-rs-img rs-lazyload\" width=\"93\" height=\"90\" data-lazyload=\"\/\/pannoniaresearch.hu\/wp-content\/uploads\/2022\/01\/favicon-1.png\" data-no-retina> \n\t\t\t\t\t\t\t<\/rs-layer><!--\n-->\t\t\t\t\t\t<\/rs-slide>\n\t\t\t\t\t<\/rs-slides>\n\t\t\t\t<\/rs-module>\n\t\t\t\t<script>\n\t\t\t\t\tsetREVStartSize({c: 'rev_slider_2_2',rl:[1240,1024,778,480],el:[650],gw:[1240],gh:[650],type:'standard',justify:'',layout:'fullwidth',mh:\"0\"});if (window.RS_MODULES!==undefined && window.RS_MODULES.modules!==undefined && window.RS_MODULES.modules[\"revslider22\"]!==undefined) {window.RS_MODULES.modules[\"revslider22\"].once = false;window.revapi2 = undefined;if (window.RS_MODULES.checkMinimal!==undefined) window.RS_MODULES.checkMinimal()}\n\t\t\t\t<\/script>\n\t\t\t<\/rs-module-wrap>\n\t\t\t<!-- END REVOLUTION SLIDER -->\n[\/vc_column][\/vc_row][vc_row full_width=&#8221;stretch_row&#8221; el_id=&#8221;bemutatkozo&#8221; css=&#8221;.vc_custom_1643019913675{padding-top: 35px !important;padding-bottom: 35px !important;background-image: url(https:\/\/pannoniaresearch.hu\/wp-content\/uploads\/2022\/01\/bemutatkozasbg.jpg?id=44) !important;background-position: center !important;background-repeat: no-repeat !important;background-size: cover !important;}&#8221;][vc_column width=&#8221;1\/4&#8243;][\/vc_column][vc_column css_animation=&#8221;fadeInUpBig&#8221; width=&#8221;1\/2&#8243;][vc_column_text]<img loading=\"lazy\" decoding=\"async\" class=\"wp-image-24 size-full aligncenter\" src=\"https:\/\/pannoniaresearch.hu\/wp-content\/uploads\/2022\/01\/INTRODUCTION-.png\" alt=\"\" width=\"348\" height=\"139\" srcset=\"https:\/\/pannoniaresearch.hu\/wp-content\/uploads\/2022\/01\/INTRODUCTION-.png 348w, https:\/\/pannoniaresearch.hu\/wp-content\/uploads\/2022\/01\/INTRODUCTION--300x120.png 300w\" sizes=\"auto, (max-width: 348px) 100vw, 348px\" \/><\/p>\n<p>&nbsp;<\/p>\n<p style=\"text-align: center;\"><strong>Welcome to the homepage of Pannonia Research!<\/strong><\/p>\n<p>&nbsp;<\/p>\n<p style=\"text-align: center;\">Pannonia Research Ltd. was established for giving an effective support in clinical trials to logistics and transport of biological samples, to boost Patient enrollment, and to give site management organisation know-how for hospitals.<\/p>\n<p>&nbsp;<\/p>\n<p>&nbsp;<\/p>\n<p><img loading=\"lazy\" decoding=\"async\" class=\"wp-image-60 aligncenter\" src=\"https:\/\/pannoniaresearch.hu\/wp-content\/uploads\/2022\/01\/iconok-1.png\" alt=\"\" width=\"390\" height=\"104\" srcset=\"https:\/\/pannoniaresearch.hu\/wp-content\/uploads\/2022\/01\/iconok-1.png 636w, https:\/\/pannoniaresearch.hu\/wp-content\/uploads\/2022\/01\/iconok-1-300x80.png 300w, https:\/\/pannoniaresearch.hu\/wp-content\/uploads\/2022\/01\/iconok-1-558x149.png 558w\" sizes=\"auto, (max-width: 390px) 100vw, 390px\" \/>[\/vc_column_text][\/vc_column][vc_column width=&#8221;1\/4&#8243;][\/vc_column][\/vc_row][vc_row full_width=&#8221;stretch_row&#8221; gap=&#8221;35&#8243; el_id=&#8221;szolgaltatasok&#8221; css=&#8221;.vc_custom_1643020062828{background-color: #ddd7d7 !important;}&#8221;][vc_column][vc_column_text]<img loading=\"lazy\" decoding=\"async\" class=\"wp-image-15 size-full aligncenter\" src=\"https:\/\/pannoniaresearch.hu\/wp-content\/uploads\/2022\/01\/OURSERVICES.png\" alt=\"\" width=\"348\" height=\"139\" srcset=\"https:\/\/pannoniaresearch.hu\/wp-content\/uploads\/2022\/01\/OURSERVICES.png 348w, https:\/\/pannoniaresearch.hu\/wp-content\/uploads\/2022\/01\/OURSERVICES-300x120.png 300w\" sizes=\"auto, (max-width: 348px) 100vw, 348px\" \/>[\/vc_column_text][\/vc_column][vc_column css_animation=&#8221;fadeInLeft&#8221; width=&#8221;1\/3&#8243;][vc_column_text el_class=&#8221;lap&#8221;]<strong><img loading=\"lazy\" decoding=\"async\" class=\"wp-image-69 size-full aligncenter\" src=\"https:\/\/pannoniaresearch.hu\/wp-content\/uploads\/2022\/01\/vizsgalati-1.png\" alt=\"\" width=\"271\" height=\"263\" \/><\/strong><\/p>\n<h3>Blood transport<\/h3>\n<ul>\n<li>Planning and consulting about the project specifications<\/li>\n<li>Specimen transport in Eastern and Central Europe<\/li>\n<li>On-site identification and monitoring<\/li>\n<li>Performance by dedicated drivers trained on the study-specific requirements<\/li>\n<li>Temperature controlled shipments<\/li>\n<li>On site electronic data capture of the bar codes<\/li>\n<\/ul>\n<p>[\/vc_column_text][\/vc_column][vc_column width=&#8221;1\/3&#8243;][vc_column_text css_animation=&#8221;fadeInUp&#8221; el_class=&#8221;lap&#8221;]<strong><img loading=\"lazy\" decoding=\"async\" class=\"wp-image-68 size-full aligncenter\" src=\"https:\/\/pannoniaresearch.hu\/wp-content\/uploads\/2022\/01\/betegvalasztas-1.png\" alt=\"\" width=\"196\" height=\"286\" \/><\/strong><\/p>\n<h3>Support in Patient enrollment<\/h3>\n<ul>\n<li>Identification of eligible potential Patients for clinical trials<\/li>\n<li>Identification of potential treating physicians and health care service providers<\/li>\n<li>Communication with physicians about enrollment requirements<\/li>\n<li>Communication with sponsors about enrollment conditions<\/li>\n<li>Support Patients during the enrollment period<\/li>\n<\/ul>\n<p>[\/vc_column_text][\/vc_column][vc_column css_animation=&#8221;fadeInRight&#8221; width=&#8221;1\/3&#8243;][vc_column_text el_class=&#8221;lap&#8221;]<strong><img loading=\"lazy\" decoding=\"async\" class=\"wp-image-70 size-full aligncenter\" src=\"https:\/\/pannoniaresearch.hu\/wp-content\/uploads\/2022\/01\/klinikaivizsgalatok-1.png\" alt=\"\" width=\"239\" height=\"272\" \/><\/strong><\/p>\n<h3><strong>Assistance in performance of clinical trials for hospitals<\/strong><\/h3>\n<p>Initiation of personnel and material conditions with the internal standard operating procedures in order to:<\/p>\n<ul>\n<li>increasing the running number of clinical trials,<\/li>\n<li><span class=\"\">performance according to <\/span><span class=\"\">the<\/span>\u00a0authority\u2019s and sponsor\u2019s requirements,<\/li>\n<li>give the clinical trial treatments safely.<strong><br \/>\n<\/strong><\/li>\n<\/ul>\n<p>[\/vc_column_text][\/vc_column][\/vc_row][vc_row full_width=&#8221;stretch_row&#8221; el_id=&#8221;megbizok&#8221; css=&#8221;.vc_custom_1643107191460{padding-bottom: 45px !important;background-color: #ddd7d7 !important;}&#8221;][vc_column][vc_column_text]<img loading=\"lazy\" decoding=\"async\" class=\"wp-image-86 size-full aligncenter\" src=\"https:\/\/pannoniaresearch.hu\/wp-content\/uploads\/2022\/01\/ourpartner.png\" alt=\"\" width=\"348\" height=\"139\" srcset=\"https:\/\/pannoniaresearch.hu\/wp-content\/uploads\/2022\/01\/ourpartner.png 348w, https:\/\/pannoniaresearch.hu\/wp-content\/uploads\/2022\/01\/ourpartner-300x120.png 300w\" sizes=\"auto, (max-width: 348px) 100vw, 348px\" \/><\/p>\n<p>&nbsp;<\/p>\n<p>&nbsp;<\/p>\n<p style=\"text-align: center;\">Our company performs continuous temperature control by using <strong>ELPRO<\/strong> products.<\/p>\n<p><a href=\"https:\/\/www.elpro.com\/\" target=\"_blank\" rel=\"noopener\"><img loading=\"lazy\" decoding=\"async\" class=\"aligncenter wp-image-85\" src=\"https:\/\/pannoniaresearch.hu\/wp-content\/uploads\/2022\/01\/ELPRO_Logo_RGB.png\" alt=\"\" width=\"487\" height=\"123\" srcset=\"https:\/\/pannoniaresearch.hu\/wp-content\/uploads\/2022\/01\/ELPRO_Logo_RGB.png 2100w, https:\/\/pannoniaresearch.hu\/wp-content\/uploads\/2022\/01\/ELPRO_Logo_RGB-300x76.png 300w, https:\/\/pannoniaresearch.hu\/wp-content\/uploads\/2022\/01\/ELPRO_Logo_RGB-1024x259.png 1024w, https:\/\/pannoniaresearch.hu\/wp-content\/uploads\/2022\/01\/ELPRO_Logo_RGB-768x194.png 768w, https:\/\/pannoniaresearch.hu\/wp-content\/uploads\/2022\/01\/ELPRO_Logo_RGB-1536x388.png 1536w, https:\/\/pannoniaresearch.hu\/wp-content\/uploads\/2022\/01\/ELPRO_Logo_RGB-2048x518.png 2048w, https:\/\/pannoniaresearch.hu\/wp-content\/uploads\/2022\/01\/ELPRO_Logo_RGB-1612x408.png 1612w, https:\/\/pannoniaresearch.hu\/wp-content\/uploads\/2022\/01\/ELPRO_Logo_RGB-1116x282.png 1116w, https:\/\/pannoniaresearch.hu\/wp-content\/uploads\/2022\/01\/ELPRO_Logo_RGB-806x204.png 806w, https:\/\/pannoniaresearch.hu\/wp-content\/uploads\/2022\/01\/ELPRO_Logo_RGB-558x141.png 558w, https:\/\/pannoniaresearch.hu\/wp-content\/uploads\/2022\/01\/ELPRO_Logo_RGB-655x166.png 655w\" sizes=\"auto, (max-width: 487px) 100vw, 487px\" \/><\/a><\/p>\n<p>[\/vc_column_text][vc_column_text css=&#8221;.vc_custom_1643107837808{margin-top: 35px !important;margin-bottom: 35px !important;}&#8221;]<img loading=\"lazy\" decoding=\"async\" class=\"wp-image-12 size-full aligncenter\" src=\"https:\/\/pannoniaresearch.hu\/wp-content\/uploads\/2022\/01\/sponsors.png\" alt=\"\" width=\"348\" height=\"139\" srcset=\"https:\/\/pannoniaresearch.hu\/wp-content\/uploads\/2022\/01\/sponsors.png 348w, https:\/\/pannoniaresearch.hu\/wp-content\/uploads\/2022\/01\/sponsors-300x120.png 300w\" sizes=\"auto, (max-width: 348px) 100vw, 348px\" \/><\/p>\n<p>&nbsp;<\/p>\n<p style=\"text-align: center;\">\r\n\t\t\t\t\t\n\r\n\t\t\t\t\t<!-- START UNITE GALLERY 1.7.44 -->\r\n\t\t\t\t\t\r\n\t\t\t\t\n\t\t\t<div id='unitegallery_1_1' class='unite-gallery' style='margin:0px auto;'>\n\t\t\t\t\n\n\t\t\t\t\t\t<a href=\"https:\/\/coordination.hu\/hu\/\">\n\t\t\t\t\t\t<img alt=\"crc\"\n\t\t\t\t\t\t     src=\"\" data-image=\"https:\/\/pannoniaresearch.hu\/wp-content\/uploads\/2022\/01\/crc_300x100000.png\"\n\t\t\t\t\t\t     data-thumb=\"https:\/\/pannoniaresearch.hu\/wp-content\/uploads\/2022\/01\/crc_300x100000.png\"\n\t\t\t\t\t\t     title=\"\"\n\t\t\t\t\t\t     style=\"display:none\">\n\t\t\t\t\t\t<\/a>\n\n\t\t\t\t\t\t<a href=\"https:\/\/hu.egis.health\/\">\n\t\t\t\t\t\t<img alt=\"egis\"\n\t\t\t\t\t\t     src=\"\" data-image=\"https:\/\/pannoniaresearch.hu\/wp-content\/uploads\/2022\/01\/egis_logo_300x100000.png\"\n\t\t\t\t\t\t     data-thumb=\"https:\/\/pannoniaresearch.hu\/wp-content\/uploads\/2022\/01\/egis_logo_300x100000.png\"\n\t\t\t\t\t\t     title=\"\"\n\t\t\t\t\t\t     style=\"display:none\">\n\t\t\t\t\t\t<\/a>\n\n\t\t\t\t\t\t<a href=\"http:\/\/kepalkotas.hu\/\">\n\t\t\t\t\t\t<img alt=\"korkep\"\n\t\t\t\t\t\t     src=\"\" data-image=\"https:\/\/pannoniaresearch.hu\/wp-content\/uploads\/2022\/01\/korkep_logo_300x100000-ma\u0301solat.png\"\n\t\t\t\t\t\t     data-thumb=\"https:\/\/pannoniaresearch.hu\/wp-content\/uploads\/2022\/01\/korkep_logo_300x100000-ma\u0301solat.png\"\n\t\t\t\t\t\t     title=\"\"\n\t\t\t\t\t\t     style=\"display:none\">\n\t\t\t\t\t\t<\/a>\n\n\t\t\t\t\t\t<a href=\"http:\/\/www.bitrial.hu\/\">\n\t\t\t\t\t\t<img alt=\"bitrial\"\n\t\t\t\t\t\t     src=\"\" data-image=\"https:\/\/pannoniaresearch.hu\/wp-content\/uploads\/2022\/01\/bitrial_logo_300x100000.png\"\n\t\t\t\t\t\t     data-thumb=\"https:\/\/pannoniaresearch.hu\/wp-content\/uploads\/2022\/01\/bitrial_logo_300x100000.png\"\n\t\t\t\t\t\t     title=\"\"\n\t\t\t\t\t\t     style=\"display:none\">\n\t\t\t\t\t\t<\/a>\n\n\t\t\t\t\t\t<a href=\"https:\/\/www.eortc.org\/\">\n\t\t\t\t\t\t<img alt=\"ertc\"\n\t\t\t\t\t\t     src=\"\" data-image=\"https:\/\/pannoniaresearch.hu\/wp-content\/uploads\/2022\/01\/ertc_logo1_300x100000.png\"\n\t\t\t\t\t\t     data-thumb=\"https:\/\/pannoniaresearch.hu\/wp-content\/uploads\/2022\/01\/ertc_logo1_300x100000.png\"\n\t\t\t\t\t\t     title=\"\"\n\t\t\t\t\t\t     style=\"display:none\">\n\t\t\t\t\t\t<\/a>\n\n\t\t\t\t\t\t<a href=\"https:\/\/www.clinigencsm.com\">\n\t\t\t\t\t\t<img alt=\"bnc\"\n\t\t\t\t\t\t     src=\"\" data-image=\"https:\/\/pannoniaresearch.hu\/wp-content\/uploads\/2022\/01\/bnc_logo_300x100000.png\"\n\t\t\t\t\t\t     data-thumb=\"https:\/\/pannoniaresearch.hu\/wp-content\/uploads\/2022\/01\/bnc_logo_300x100000.png\"\n\t\t\t\t\t\t     title=\"\"\n\t\t\t\t\t\t     style=\"display:none\">\n\t\t\t\t\t\t<\/a>\n\t\t\t<\/div>\n\n\t\t\t<script type='text\/javascript'>\n\t\t\t\twindow.onload = function(e) {\n\t\t\t\t\tif(typeof ugCheckForErrors == \"undefined\"){\n\t\t\t\t\t\tdocument.getElementById(\"unitegallery_1_1\").innerHTML = \"<span style='color:red'>Unite Gallery Error - gallery js and css files not included in the footer. Please make sure that wp_footer() function is added to your theme.<\/span>\";}\n\t\t\t\t\telse{ ugCheckForErrors(\"unitegallery_1_1\", \"jquery\");}\n\t\t\t\t};\n\t\t\t<\/script>\n\n\t\t\t<!-- END UNITEGALLERY --><\/p>\n<p>[\/vc_column_text][\/vc_column][\/vc_row][vc_row full_width=&#8221;stretch_row&#8221; css=&#8221;.vc_custom_1643107178387{margin-top: -10px !important;padding-top: 60px !important;padding-bottom: 0px !important;background: #102447 url(https:\/\/pannoniaresearch.hu\/wp-content\/uploads\/2022\/01\/kapcsolat_bg-1.jpg?id=91) !important;background-position: center !important;background-repeat: no-repeat !important;background-size: cover !important;}&#8221; el_id=&#8221;kapcsolat&#8221; el_class=&#8221;kapcsolat&#8221;][vc_column css_animation=&#8221;fadeInUpBig&#8221;][vc_column_text css=&#8221;.vc_custom_1643107890243{padding-bottom: 55px !important;}&#8221;]<img loading=\"lazy\" decoding=\"async\" class=\"wp-image-40 size-full aligncenter\" src=\"https:\/\/pannoniaresearch.hu\/wp-content\/uploads\/2022\/01\/CONTACT.png\" alt=\"\" width=\"348\" height=\"139\" srcset=\"https:\/\/pannoniaresearch.hu\/wp-content\/uploads\/2022\/01\/CONTACT.png 348w, https:\/\/pannoniaresearch.hu\/wp-content\/uploads\/2022\/01\/CONTACT-300x120.png 300w\" sizes=\"auto, (max-width: 348px) 100vw, 348px\" \/><\/p>\n<p style=\"text-align: center;\"><strong>Pannonia Research Kft.<\/strong><br \/>\n<a href=\"https:\/\/www.google.com\/maps\/place\/Solym%C3%A1r,+V%C3%B6r%C3%B6smarty+u.+36,+2083\/data=!4m2!3m1!1s0x476a763572e0c5ff:0x1fd49358de9d6c9c?sa=X&amp;ved=2ahUKEwj49uvO3rvtAhWtk4sKHQiFA5QQ8gEwAHoECAQQAQ\" target=\"_blank\" rel=\"noopener\">H-2083 Solym\u00e1r, V\u00f6r\u00f6smarty utca 36.<\/a><\/p>\n<p>&nbsp;<\/p>\n<p>&nbsp;<\/p>\n<p><img loading=\"lazy\" decoding=\"async\" class=\"wp-image-17 aligncenter\" src=\"https:\/\/pannoniaresearch.hu\/wp-content\/uploads\/2022\/01\/map.png\" alt=\"\" width=\"226\" height=\"228\" srcset=\"https:\/\/pannoniaresearch.hu\/wp-content\/uploads\/2022\/01\/map.png 484w, https:\/\/pannoniaresearch.hu\/wp-content\/uploads\/2022\/01\/map-298x300.png 298w, https:\/\/pannoniaresearch.hu\/wp-content\/uploads\/2022\/01\/map-150x150.png 150w\" sizes=\"auto, (max-width: 226px) 100vw, 226px\" \/><\/p>\n<p>&nbsp;<\/p>\n<p>&nbsp;<\/p>\n<p style=\"text-align: center;\">Telephone: +36 20 973 2713<br \/>\nEmail: <a href=\"mailto:info@pannoniaresearch.hu\" target=\"_blank\" rel=\"noopener noreferrer\">info@pannoniaresearch.hu<\/a><\/p>\n<p>[\/vc_column_text][\/vc_column][\/vc_row]<\/p>\n<\/div>","protected":false},"excerpt":{"rendered":"<p>[vc_row][vc_column][\/vc_column][\/vc_row][vc_row full_width=&#8221;stretch_row&#8221; el_id=&#8221;bemutatkozo&#8221; css=&#8221;.vc_custom_1643019913675{padding-top: 35px !important;padding-bottom: 35px !important;background-image: url(https:\/\/pannoniaresearch.hu\/wp-content\/uploads\/2022\/01\/bemutatkozasbg.jpg?id=44) !important;background-position: center !important;background-repeat: no-repeat !important;background-size: cover !important;}&#8221;][vc_column width=&#8221;1\/4&#8243;][\/vc_column][vc_column css_animation=&#8221;fadeInUpBig&#8221; width=&#8221;1\/2&#8243;][vc_column_text] &nbsp; Welcome to the homepage of Pannonia Research! &nbsp; Pannonia Research Ltd. was established for giving an effective support in clinical trials to logistics and transport of biological samples, to boost Patient enrollment, and to give&hellip;<\/p>\n","protected":false},"author":1,"featured_media":0,"parent":0,"menu_order":0,"comment_status":"closed","ping_status":"closed","template":"","meta":{"footnotes":""},"class_list":["post-57","page","type-page","status-publish","hentry"],"acf":[],"_links":{"self":[{"href":"https:\/\/pannoniaresearch.hu\/en\/wp-json\/wp\/v2\/pages\/57","targetHints":{"allow":["GET"]}}],"collection":[{"href":"https:\/\/pannoniaresearch.hu\/en\/wp-json\/wp\/v2\/pages"}],"about":[{"href":"https:\/\/pannoniaresearch.hu\/en\/wp-json\/wp\/v2\/types\/page"}],"author":[{"embeddable":true,"href":"https:\/\/pannoniaresearch.hu\/en\/wp-json\/wp\/v2\/users\/1"}],"replies":[{"embeddable":true,"href":"https:\/\/pannoniaresearch.hu\/en\/wp-json\/wp\/v2\/comments?post=57"}],"version-history":[{"count":49,"href":"https:\/\/pannoniaresearch.hu\/en\/wp-json\/wp\/v2\/pages\/57\/revisions"}],"predecessor-version":[{"id":157,"href":"https:\/\/pannoniaresearch.hu\/en\/wp-json\/wp\/v2\/pages\/57\/revisions\/157"}],"wp:attachment":[{"href":"https:\/\/pannoniaresearch.hu\/en\/wp-json\/wp\/v2\/media?parent=57"}],"curies":[{"name":"wp","href":"https:\/\/api.w.org\/{rel}","templated":true}]}}